{"id":574,"date":"2023-07-02T17:25:42","date_gmt":"2023-07-02T17:25:42","guid":{"rendered":"https:\/\/ruinvestment.net\/?page_id=574"},"modified":"2023-07-02T17:26:51","modified_gmt":"2023-07-02T17:26:51","slug":"elementor-574","status":"publish","type":"page","link":"https:\/\/ruinvestment.net\/?page_id=574","title":{"rendered":"SA\u011eLIK H\u0130ZMETLER\u0130"},"content":{"rendered":"\t\t<div data-elementor-type=\"wp-page\" data-elementor-id=\"574\" class=\"elementor elementor-574\">\n\t\t\t\t\t\t<section class=\"elementor-section elementor-top-section elementor-element elementor-element-45d2697 elementor-section-boxed elementor-section-height-default elementor-section-height-default\" data-id=\"45d2697\" data-element_type=\"section\">\n\t\t\t\t\t\t<div class=\"elementor-container elementor-column-gap-default\">\n\t\t\t\t\t<div class=\"elementor-column elementor-col-100 elementor-top-column elementor-element elementor-element-516083b\" data-id=\"516083b\" data-element_type=\"column\">\n\t\t\t<div class=\"elementor-widget-wrap elementor-element-populated\">\n\t\t\t\t\t\t<div class=\"elementor-element elementor-element-5828a0e ekit-equal-height-disable elementor-widget elementor-widget-elementskit-image-box\" data-id=\"5828a0e\" data-element_type=\"widget\" data-widget_type=\"elementskit-image-box.default\">\n\t\t\t\t<div class=\"elementor-widget-container\">\n\t\t\t<div class=\"ekit-wid-con\" >\n            <div class=\"elementskit-info-image-box ekit-image-box text-center simple-card\" >\n\n                \n                <div class=\"elementskit-box-header image-box-img-center\">\n\n                    <img fetchpriority=\"high\" decoding=\"async\" width=\"647\" height=\"427\" src=\"https:\/\/ruinvestment.net\/wp-content\/uploads\/2023\/07\/Screenshot-2023-07-02-202537.png\" class=\"attachment-full size-full wp-image-576\" alt=\"\" srcset=\"https:\/\/ruinvestment.net\/wp-content\/uploads\/2023\/07\/Screenshot-2023-07-02-202537.png 647w, https:\/\/ruinvestment.net\/wp-content\/uploads\/2023\/07\/Screenshot-2023-07-02-202537-300x198.png 300w\" sizes=\"(max-width: 647px) 100vw, 647px\" \/>\n                <\/div>\n                \n                <div class=\"elementskit-box-body ekit-image-box-body\">\n                    <div class=\"elementskit-box-content ekit-image-box-body-inner\">\n                                                <h3 class=\"elementskit-info-box-title\">\n\n                        SA\u011eLIK H\u0130ZMETLER\u0130\n                        \n                    <\/h3>\n                                                            <div class=\"elementskit-box-style-content\">\n                        RU INVESTMENTSA\u011eLIK, Rusya Federasyonu, T\u00fcrkiye,   Orta Asya T\u00fcrki Cumhuriyetlerde sa\u011fl\u0131k hizmetlerin uluslaras\u0131 standartlar\u0131 \u00fczerine \u00e7\u0131kar\u0131lmas\u0131 ama\u00e7lanmaktad\u0131r.                     <\/div>\n                                    <\/div>\n\n                            <\/div>\n            <\/div>\n    <\/div>\t\t<\/div>\n\t\t\t\t<\/div>\n\t\t\t\t\t<\/div>\n\t\t<\/div>\n\t\t\t\t\t<\/div>\n\t\t<\/section>\n\t\t\t\t<\/div>\n\t\t","protected":false},"excerpt":{"rendered":"<p>SA\u011eLIK H\u0130ZMETLER\u0130 RU INVESTMENTSA\u011eLIK, Rusya Federasyonu, T\u00fcrkiye, Orta Asya T\u00fcrki Cumhuriyetlerde sa\u011fl\u0131k hizmetlerin uluslaras\u0131 standartlar\u0131 \u00fczerine \u00e7\u0131kar\u0131lmas\u0131 ama\u00e7lanmaktad\u0131r.<\/p>\n","protected":false},"author":1,"featured_media":0,"parent":0,"menu_order":0,"comment_status":"closed","ping_status":"closed","template":"","meta":{"site-sidebar-layout":"no-sidebar","site-content-layout":"page-builder","ast-global-header-display":"","ast-banner-title-visibility":"","ast-main-header-display":"","ast-hfb-above-header-display":"","ast-hfb-below-header-display":"","ast-hfb-mobile-header-display":"","site-post-title":"disabled","ast-breadcrumbs-content":"","ast-featured-img":"disabled","footer-sml-layout":"","theme-transparent-header-meta":"","adv-header-id-meta":"","stick-header-meta":"","header-above-stick-meta":"","header-main-stick-meta":"","header-below-stick-meta":"","footnotes":""},"class_list":["post-574","page","type-page","status-publish","hentry"],"_links":{"self":[{"href":"https:\/\/ruinvestment.net\/index.php?rest_route=\/wp\/v2\/pages\/574","targetHints":{"allow":["GET"]}}],"collection":[{"href":"https:\/\/ruinvestment.net\/index.php?rest_route=\/wp\/v2\/pages"}],"about":[{"href":"https:\/\/ruinvestment.net\/index.php?rest_route=\/wp\/v2\/types\/page"}],"author":[{"embeddable":true,"href":"https:\/\/ruinvestment.net\/index.php?rest_route=\/wp\/v2\/users\/1"}],"replies":[{"embeddable":true,"href":"https:\/\/ruinvestment.net\/index.php?rest_route=%2Fwp%2Fv2%2Fcomments&post=574"}],"version-history":[{"count":5,"href":"https:\/\/ruinvestment.net\/index.php?rest_route=\/wp\/v2\/pages\/574\/revisions"}],"predecessor-version":[{"id":580,"href":"https:\/\/ruinvestment.net\/index.php?rest_route=\/wp\/v2\/pages\/574\/revisions\/580"}],"wp:attachment":[{"href":"https:\/\/ruinvestment.net\/index.php?rest_route=%2Fwp%2Fv2%2Fmedia&parent=574"}],"curies":[{"name":"wp","href":"https:\/\/api.w.org\/{rel}","templated":true}]}}