{"id":565,"date":"2023-07-02T17:23:11","date_gmt":"2023-07-02T17:23:11","guid":{"rendered":"https:\/\/ruinvestment.net\/?page_id=565"},"modified":"2023-07-02T17:24:38","modified_gmt":"2023-07-02T17:24:38","slug":"elementor-565","status":"publish","type":"page","link":"https:\/\/ruinvestment.net\/?page_id=565","title":{"rendered":"MEDYA"},"content":{"rendered":"\t\t<div data-elementor-type=\"wp-page\" data-elementor-id=\"565\" class=\"elementor elementor-565\">\n\t\t\t\t\t\t<section class=\"elementor-section elementor-top-section elementor-element elementor-element-593ebf1 elementor-section-boxed elementor-section-height-default elementor-section-height-default\" data-id=\"593ebf1\" data-element_type=\"section\">\n\t\t\t\t\t\t<div class=\"elementor-container elementor-column-gap-default\">\n\t\t\t\t\t<div class=\"elementor-column elementor-col-100 elementor-top-column elementor-element elementor-element-1586c15\" data-id=\"1586c15\" data-element_type=\"column\">\n\t\t\t<div class=\"elementor-widget-wrap elementor-element-populated\">\n\t\t\t\t\t\t<div class=\"elementor-element elementor-element-40242b2 ekit-equal-height-disable elementor-widget elementor-widget-elementskit-image-box\" data-id=\"40242b2\" data-element_type=\"widget\" data-widget_type=\"elementskit-image-box.default\">\n\t\t\t\t<div class=\"elementor-widget-container\">\n\t\t\t<div class=\"ekit-wid-con\" >\n            <div class=\"elementskit-info-image-box ekit-image-box text-center simple-card\" >\n\n                \n                <div class=\"elementskit-box-header image-box-img-center\">\n\n                    <img fetchpriority=\"high\" decoding=\"async\" width=\"647\" height=\"275\" src=\"https:\/\/ruinvestment.net\/wp-content\/uploads\/2023\/07\/Screenshot-2023-07-02-202319.png\" class=\"attachment-full size-full wp-image-567\" alt=\"\" srcset=\"https:\/\/ruinvestment.net\/wp-content\/uploads\/2023\/07\/Screenshot-2023-07-02-202319.png 647w, https:\/\/ruinvestment.net\/wp-content\/uploads\/2023\/07\/Screenshot-2023-07-02-202319-300x128.png 300w\" sizes=\"(max-width: 647px) 100vw, 647px\" \/>\n                <\/div>\n                \n                <div class=\"elementskit-box-body ekit-image-box-body\">\n                    <div class=\"elementskit-box-content ekit-image-box-body-inner\">\n                                                <h3 class=\"elementskit-info-box-title\">\n\n                        MEDYA\n                        \n                    <\/h3>\n                                                            <div class=\"elementskit-box-style-content\">\n                        RU INVESTMENT MEDYA, gazete, televizyon, internet ve dergi yay\u0131nc\u0131l\u0131\u011f\u0131, bas\u0131m ve da\u011f\u0131t\u0131m alan\u0131nda uluslararas\u0131 standartlarda hizmet sunmaktad\u0131r. RU INVESTMENT MEDYA uluslaras\u0131 standartlarda haber, i\u00e7erik ve hizmet sunarak toplumun haber alma ihtiyac\u0131na cevap vermektir.                    <\/div>\n                                    <\/div>\n\n                            <\/div>\n            <\/div>\n    <\/div>\t\t<\/div>\n\t\t\t\t<\/div>\n\t\t\t\t\t<\/div>\n\t\t<\/div>\n\t\t\t\t\t<\/div>\n\t\t<\/section>\n\t\t\t\t<\/div>\n\t\t","protected":false},"excerpt":{"rendered":"<p>MEDYA RU INVESTMENT MEDYA, gazete, televizyon, internet ve dergi yay\u0131nc\u0131l\u0131\u011f\u0131, bas\u0131m ve da\u011f\u0131t\u0131m alan\u0131nda uluslararas\u0131 standartlarda hizmet sunmaktad\u0131r. RU INVESTMENT MEDYA uluslaras\u0131 standartlarda haber, i\u00e7erik ve hizmet sunarak toplumun haber alma ihtiyac\u0131na cevap vermektir.<\/p>\n","protected":false},"author":1,"featured_media":0,"parent":0,"menu_order":0,"comment_status":"closed","ping_status":"closed","template":"","meta":{"site-sidebar-layout":"no-sidebar","site-content-layout":"page-builder","ast-global-header-display":"","ast-banner-title-visibility":"","ast-main-header-display":"","ast-hfb-above-header-display":"","ast-hfb-below-header-display":"","ast-hfb-mobile-header-display":"","site-post-title":"disabled","ast-breadcrumbs-content":"","ast-featured-img":"disabled","footer-sml-layout":"","theme-transparent-header-meta":"","adv-header-id-meta":"","stick-header-meta":"","header-above-stick-meta":"","header-main-stick-meta":"","header-below-stick-meta":"","footnotes":""},"class_list":["post-565","page","type-page","status-publish","hentry"],"_links":{"self":[{"href":"https:\/\/ruinvestment.net\/index.php?rest_route=\/wp\/v2\/pages\/565","targetHints":{"allow":["GET"]}}],"collection":[{"href":"https:\/\/ruinvestment.net\/index.php?rest_route=\/wp\/v2\/pages"}],"about":[{"href":"https:\/\/ruinvestment.net\/index.php?rest_route=\/wp\/v2\/types\/page"}],"author":[{"embeddable":true,"href":"https:\/\/ruinvestment.net\/index.php?rest_route=\/wp\/v2\/users\/1"}],"replies":[{"embeddable":true,"href":"https:\/\/ruinvestment.net\/index.php?rest_route=%2Fwp%2Fv2%2Fcomments&post=565"}],"version-history":[{"count":5,"href":"https:\/\/ruinvestment.net\/index.php?rest_route=\/wp\/v2\/pages\/565\/revisions"}],"predecessor-version":[{"id":571,"href":"https:\/\/ruinvestment.net\/index.php?rest_route=\/wp\/v2\/pages\/565\/revisions\/571"}],"wp:attachment":[{"href":"https:\/\/ruinvestment.net\/index.php?rest_route=%2Fwp%2Fv2%2Fmedia&parent=565"}],"curies":[{"name":"wp","href":"https:\/\/api.w.org\/{rel}","templated":true}]}}