{"id":556,"date":"2023-07-02T17:19:55","date_gmt":"2023-07-02T17:19:55","guid":{"rendered":"https:\/\/ruinvestment.net\/?page_id=556"},"modified":"2023-07-02T17:22:34","modified_gmt":"2023-07-02T17:22:34","slug":"elementor-556","status":"publish","type":"page","link":"https:\/\/ruinvestment.net\/?page_id=556","title":{"rendered":"ULUSLARARASI T\u0130CARET"},"content":{"rendered":"\t\t<div data-elementor-type=\"wp-page\" data-elementor-id=\"556\" class=\"elementor elementor-556\">\n\t\t\t\t\t\t<section class=\"elementor-section elementor-top-section elementor-element elementor-element-d50801e elementor-section-boxed elementor-section-height-default elementor-section-height-default\" data-id=\"d50801e\" data-element_type=\"section\">\n\t\t\t\t\t\t<div class=\"elementor-container elementor-column-gap-default\">\n\t\t\t\t\t<div class=\"elementor-column elementor-col-100 elementor-top-column elementor-element elementor-element-867e277\" data-id=\"867e277\" data-element_type=\"column\">\n\t\t\t<div class=\"elementor-widget-wrap elementor-element-populated\">\n\t\t\t\t\t\t<div class=\"elementor-element elementor-element-5e0146c ekit-equal-height-disable elementor-widget elementor-widget-elementskit-image-box\" data-id=\"5e0146c\" data-element_type=\"widget\" data-widget_type=\"elementskit-image-box.default\">\n\t\t\t\t<div class=\"elementor-widget-container\">\n\t\t\t<div class=\"ekit-wid-con\" >\n            <div class=\"elementskit-info-image-box ekit-image-box text-center simple-card\" >\n\n                \n                <div class=\"elementskit-box-header image-box-img-center\">\n\n                    <img fetchpriority=\"high\" decoding=\"async\" width=\"647\" height=\"486\" src=\"https:\/\/ruinvestment.net\/wp-content\/uploads\/2023\/07\/Screenshot-2023-07-02-202036.png\" class=\"attachment-full size-full wp-image-558\" alt=\"\" srcset=\"https:\/\/ruinvestment.net\/wp-content\/uploads\/2023\/07\/Screenshot-2023-07-02-202036.png 647w, https:\/\/ruinvestment.net\/wp-content\/uploads\/2023\/07\/Screenshot-2023-07-02-202036-300x225.png 300w\" sizes=\"(max-width: 647px) 100vw, 647px\" \/>\n                <\/div>\n                \n                <div class=\"elementskit-box-body ekit-image-box-body\">\n                    <div class=\"elementskit-box-content ekit-image-box-body-inner\">\n                                                <h3 class=\"elementskit-info-box-title\">\n\n                        ULUSLARARASI T\u0130CARET\n                        \n                    <\/h3>\n                                                            <div class=\"elementskit-box-style-content\">\n                        RU INVESTMENT TRAD\u0130NG, Rusya Federasyonu ve \u0130pek Yolu \u00fclkeleri aras\u0131ndaki ticarette aktif olarak yer almaktad\u0131r. Bu kapsamda Rusya Federasyonu, T\u00fcrkiye, \u00c7in, Orta Asya T\u00fcrki Cumhuriyetler hedef pazarlar\u0131nda hammadde\/emtia ticareti alanlar\u0131na odaklanmaktad\u0131r. RU INVESTMENT TRAD\u0130NG ithalat ve ihracat a\u00e7\u0131s\u0131ndan dengeli bir ticaret geli\u015ftirmeyi hedeflemektedir. \n                    <\/div>\n                                    <\/div>\n\n                            <\/div>\n            <\/div>\n    <\/div>\t\t<\/div>\n\t\t\t\t<\/div>\n\t\t\t\t\t<\/div>\n\t\t<\/div>\n\t\t\t\t\t<\/div>\n\t\t<\/section>\n\t\t\t\t<\/div>\n\t\t","protected":false},"excerpt":{"rendered":"<p>ULUSLARARASI T\u0130CARET RU INVESTMENT TRAD\u0130NG, Rusya Federasyonu ve \u0130pek Yolu \u00fclkeleri aras\u0131ndaki ticarette aktif olarak yer almaktad\u0131r. Bu kapsamda Rusya Federasyonu, T\u00fcrkiye, \u00c7in, Orta Asya T\u00fcrki Cumhuriyetler hedef pazarlar\u0131nda hammadde\/emtia ticareti alanlar\u0131na odaklanmaktad\u0131r. RU INVESTMENT TRAD\u0130NG ithalat ve ihracat a\u00e7\u0131s\u0131ndan dengeli bir ticaret geli\u015ftirmeyi hedeflemektedir.<\/p>\n","protected":false},"author":1,"featured_media":0,"parent":0,"menu_order":0,"comment_status":"closed","ping_status":"closed","template":"","meta":{"site-sidebar-layout":"no-sidebar","site-content-layout":"page-builder","ast-global-header-display":"","ast-banner-title-visibility":"","ast-main-header-display":"","ast-hfb-above-header-display":"","ast-hfb-below-header-display":"","ast-hfb-mobile-header-display":"","site-post-title":"disabled","ast-breadcrumbs-content":"","ast-featured-img":"disabled","footer-sml-layout":"","theme-transparent-header-meta":"","adv-header-id-meta":"","stick-header-meta":"","header-above-stick-meta":"","header-main-stick-meta":"","header-below-stick-meta":"","footnotes":""},"class_list":["post-556","page","type-page","status-publish","hentry"],"_links":{"self":[{"href":"https:\/\/ruinvestment.net\/index.php?rest_route=\/wp\/v2\/pages\/556","targetHints":{"allow":["GET"]}}],"collection":[{"href":"https:\/\/ruinvestment.net\/index.php?rest_route=\/wp\/v2\/pages"}],"about":[{"href":"https:\/\/ruinvestment.net\/index.php?rest_route=\/wp\/v2\/types\/page"}],"author":[{"embeddable":true,"href":"https:\/\/ruinvestment.net\/index.php?rest_route=\/wp\/v2\/users\/1"}],"replies":[{"embeddable":true,"href":"https:\/\/ruinvestment.net\/index.php?rest_route=%2Fwp%2Fv2%2Fcomments&post=556"}],"version-history":[{"count":5,"href":"https:\/\/ruinvestment.net\/index.php?rest_route=\/wp\/v2\/pages\/556\/revisions"}],"predecessor-version":[{"id":564,"href":"https:\/\/ruinvestment.net\/index.php?rest_route=\/wp\/v2\/pages\/556\/revisions\/564"}],"wp:attachment":[{"href":"https:\/\/ruinvestment.net\/index.php?rest_route=%2Fwp%2Fv2%2Fmedia&parent=556"}],"curies":[{"name":"wp","href":"https:\/\/api.w.org\/{rel}","templated":true}]}}