{"id":547,"date":"2023-07-02T17:17:35","date_gmt":"2023-07-02T17:17:35","guid":{"rendered":"https:\/\/ruinvestment.net\/?page_id=547"},"modified":"2023-07-02T17:19:12","modified_gmt":"2023-07-02T17:19:12","slug":"elementor-547","status":"publish","type":"page","link":"https:\/\/ruinvestment.net\/?page_id=547","title":{"rendered":"E\u011e\u0130T\u0130M"},"content":{"rendered":"\t\t<div data-elementor-type=\"wp-page\" data-elementor-id=\"547\" class=\"elementor elementor-547\">\n\t\t\t\t\t\t<section class=\"elementor-section elementor-top-section elementor-element elementor-element-26b40b6 elementor-section-boxed elementor-section-height-default elementor-section-height-default\" data-id=\"26b40b6\" data-element_type=\"section\">\n\t\t\t\t\t\t<div class=\"elementor-container elementor-column-gap-default\">\n\t\t\t\t\t<div class=\"elementor-column elementor-col-100 elementor-top-column elementor-element elementor-element-ed3b5a8\" data-id=\"ed3b5a8\" data-element_type=\"column\">\n\t\t\t<div class=\"elementor-widget-wrap elementor-element-populated\">\n\t\t\t\t\t\t<div class=\"elementor-element elementor-element-a9afd70 ekit-equal-height-disable elementor-widget elementor-widget-elementskit-image-box\" data-id=\"a9afd70\" data-element_type=\"widget\" data-widget_type=\"elementskit-image-box.default\">\n\t\t\t\t<div class=\"elementor-widget-container\">\n\t\t\t<div class=\"ekit-wid-con\" >\n            <div class=\"elementskit-info-image-box ekit-image-box text-center simple-card\" >\n\n                \n                <div class=\"elementskit-box-header image-box-img-center\">\n\n                    <img fetchpriority=\"high\" decoding=\"async\" width=\"648\" height=\"460\" src=\"https:\/\/ruinvestment.net\/wp-content\/uploads\/2023\/07\/Screenshot-2023-07-02-201819.png\" class=\"attachment-full size-full wp-image-549\" alt=\"\" srcset=\"https:\/\/ruinvestment.net\/wp-content\/uploads\/2023\/07\/Screenshot-2023-07-02-201819.png 648w, https:\/\/ruinvestment.net\/wp-content\/uploads\/2023\/07\/Screenshot-2023-07-02-201819-300x213.png 300w\" sizes=\"(max-width: 648px) 100vw, 648px\" \/>\n                <\/div>\n                \n                <div class=\"elementskit-box-body ekit-image-box-body\">\n                    <div class=\"elementskit-box-content ekit-image-box-body-inner\">\n                                                <h3 class=\"elementskit-info-box-title\">\n\n                        E\u011e\u0130T\u0130M\n                        \n                    <\/h3>\n                                                            <div class=\"elementskit-box-style-content\">\n                        RU INVESTMENT E\u011e\u0130T\u0130M, b\u00fcnyesinde anaokulu, ilkokul, ortaokul ve lise e\u011fitim kademeleri bulunmaktad\u0131r. 21 . y\u00fczy\u0131l\u0131n gerektirdi\u011fi t\u00fcm becerilere sahip bireyler yeti\u015ftirme hedefi do\u011frultusunda \u00f6\u011frencilerimiz i\u00e7in ele\u015ftirel d\u00fc\u015f\u00fcnme, yarat\u0131c\u0131l\u0131k, problem \u00e7\u00f6zme, yenilik\u00e7ilik, i\u015fbirli\u011fi, ileti\u015fim kurma, bilgi okuryazarl\u0131\u011f\u0131, medya okuryazarl\u0131\u011f\u0131, bilgi teknolojileri okuryazarl\u0131\u011f\u0131, giri\u015fimcilik, \u00f6z y\u00f6netim, k\u00fclt\u00fcrler aras\u0131 etkile\u015fim, liderlik alan\u0131nda \u00f6\u011frencilerini yeti\u015ftirmektedir. ,Ayr\u0131ca RU INVESTMENT E\u011e\u0130T\u0130M \u00e7at\u0131s\u0131 alt\u0131nda Rusya ve T\u00fcrkiye\u2019de \u00fcniversite kurma \u00e7al\u0131\u015fmalar\u0131 devam etmektedir. \n                    <\/div>\n                                    <\/div>\n\n                            <\/div>\n            <\/div>\n    <\/div>\t\t<\/div>\n\t\t\t\t<\/div>\n\t\t\t\t\t<\/div>\n\t\t<\/div>\n\t\t\t\t\t<\/div>\n\t\t<\/section>\n\t\t\t\t<\/div>\n\t\t","protected":false},"excerpt":{"rendered":"<p>E\u011e\u0130T\u0130M RU INVESTMENT E\u011e\u0130T\u0130M, b\u00fcnyesinde anaokulu, ilkokul, ortaokul ve lise e\u011fitim kademeleri bulunmaktad\u0131r. 21 . y\u00fczy\u0131l\u0131n gerektirdi\u011fi t\u00fcm becerilere sahip bireyler yeti\u015ftirme hedefi do\u011frultusunda \u00f6\u011frencilerimiz i\u00e7in ele\u015ftirel d\u00fc\u015f\u00fcnme, yarat\u0131c\u0131l\u0131k, problem \u00e7\u00f6zme, yenilik\u00e7ilik, i\u015fbirli\u011fi, ileti\u015fim kurma, bilgi okuryazarl\u0131\u011f\u0131, medya okuryazarl\u0131\u011f\u0131, bilgi teknolojileri okuryazarl\u0131\u011f\u0131, giri\u015fimcilik, \u00f6z y\u00f6netim, k\u00fclt\u00fcrler aras\u0131 etkile\u015fim, liderlik alan\u0131nda \u00f6\u011frencilerini yeti\u015ftirmektedir. ,Ayr\u0131ca RU INVESTMENT &hellip;<\/p>\n<p class=\"read-more\"> <a class=\"\" href=\"https:\/\/ruinvestment.net\/?page_id=547\"> <span class=\"screen-reader-text\">E\u011e\u0130T\u0130M<\/span> Devam\u0131 &raquo;<\/a><\/p>\n","protected":false},"author":1,"featured_media":0,"parent":0,"menu_order":0,"comment_status":"closed","ping_status":"closed","template":"","meta":{"site-sidebar-layout":"no-sidebar","site-content-layout":"page-builder","ast-global-header-display":"","ast-banner-title-visibility":"","ast-main-header-display":"","ast-hfb-above-header-display":"","ast-hfb-below-header-display":"","ast-hfb-mobile-header-display":"","site-post-title":"disabled","ast-breadcrumbs-content":"","ast-featured-img":"disabled","footer-sml-layout":"","theme-transparent-header-meta":"","adv-header-id-meta":"","stick-header-meta":"","header-above-stick-meta":"","header-main-stick-meta":"","header-below-stick-meta":"","footnotes":""},"class_list":["post-547","page","type-page","status-publish","hentry"],"_links":{"self":[{"href":"https:\/\/ruinvestment.net\/index.php?rest_route=\/wp\/v2\/pages\/547","targetHints":{"allow":["GET"]}}],"collection":[{"href":"https:\/\/ruinvestment.net\/index.php?rest_route=\/wp\/v2\/pages"}],"about":[{"href":"https:\/\/ruinvestment.net\/index.php?rest_route=\/wp\/v2\/types\/page"}],"author":[{"embeddable":true,"href":"https:\/\/ruinvestment.net\/index.php?rest_route=\/wp\/v2\/users\/1"}],"replies":[{"embeddable":true,"href":"https:\/\/ruinvestment.net\/index.php?rest_route=%2Fwp%2Fv2%2Fcomments&post=547"}],"version-history":[{"count":5,"href":"https:\/\/ruinvestment.net\/index.php?rest_route=\/wp\/v2\/pages\/547\/revisions"}],"predecessor-version":[{"id":553,"href":"https:\/\/ruinvestment.net\/index.php?rest_route=\/wp\/v2\/pages\/547\/revisions\/553"}],"wp:attachment":[{"href":"https:\/\/ruinvestment.net\/index.php?rest_route=%2Fwp%2Fv2%2Fmedia&parent=547"}],"curies":[{"name":"wp","href":"https:\/\/api.w.org\/{rel}","templated":true}]}}