{"id":538,"date":"2023-07-02T17:14:59","date_gmt":"2023-07-02T17:14:59","guid":{"rendered":"https:\/\/ruinvestment.net\/?page_id=538"},"modified":"2023-07-02T17:16:49","modified_gmt":"2023-07-02T17:16:49","slug":"elementor-538","status":"publish","type":"page","link":"https:\/\/ruinvestment.net\/?page_id=538","title":{"rendered":"TUR\u0130ZM"},"content":{"rendered":"\t\t<div data-elementor-type=\"wp-page\" data-elementor-id=\"538\" class=\"elementor elementor-538\">\n\t\t\t\t\t\t<section class=\"elementor-section elementor-top-section elementor-element elementor-element-be01569 elementor-section-boxed elementor-section-height-default elementor-section-height-default\" data-id=\"be01569\" data-element_type=\"section\">\n\t\t\t\t\t\t<div class=\"elementor-container elementor-column-gap-default\">\n\t\t\t\t\t<div class=\"elementor-column elementor-col-100 elementor-top-column elementor-element elementor-element-55960f4\" data-id=\"55960f4\" data-element_type=\"column\">\n\t\t\t<div class=\"elementor-widget-wrap elementor-element-populated\">\n\t\t\t\t\t\t<div class=\"elementor-element elementor-element-ef408e3 ekit-equal-height-disable elementor-widget elementor-widget-elementskit-image-box\" data-id=\"ef408e3\" data-element_type=\"widget\" data-widget_type=\"elementskit-image-box.default\">\n\t\t\t\t<div class=\"elementor-widget-container\">\n\t\t\t<div class=\"ekit-wid-con\" >\n            <div class=\"elementskit-info-image-box ekit-image-box text-center simple-card\" >\n\n                \n                <div class=\"elementskit-box-header image-box-img-center\">\n\n                    <img fetchpriority=\"high\" decoding=\"async\" width=\"644\" height=\"481\" src=\"https:\/\/ruinvestment.net\/wp-content\/uploads\/2023\/07\/Screenshot-2023-07-02-201522.png\" class=\"attachment-full size-full wp-image-540\" alt=\"\" srcset=\"https:\/\/ruinvestment.net\/wp-content\/uploads\/2023\/07\/Screenshot-2023-07-02-201522.png 644w, https:\/\/ruinvestment.net\/wp-content\/uploads\/2023\/07\/Screenshot-2023-07-02-201522-300x224.png 300w\" sizes=\"(max-width: 644px) 100vw, 644px\" \/>\n                <\/div>\n                \n                <div class=\"elementskit-box-body ekit-image-box-body\">\n                    <div class=\"elementskit-box-content ekit-image-box-body-inner\">\n                                                <h3 class=\"elementskit-info-box-title\">\n\n                        TUR\u0130ZM\n                        \n                    <\/h3>\n                                                            <div class=\"elementskit-box-style-content\">\n                        RU INVESTMENT TUR\u0130ZM, K\u0131r\u0131m\u2019\u0131n turizm potansiyelinin geli\u015ftirilmesi amac\u0131yla otel i\u015fletmecili\u011fi alan\u0131nda sahip oldu\u011fu tecr\u00fcbeyi ortaklar\u0131 ile beraber kullanmaktad\u0131r.  B\u00fcnyemizde Convention Center yer alan otellerinde y\u00fcksek h\u0131zl\u0131 internet, otopark ve vale parking hizmetleri bulunmaktad\u0131r. Thermal Spa &amp; Wellness kapsam\u0131nda kapal\u0131\/a\u00e7\u0131k y\u00fczme havuzu, spor salonu, jakuzi, sauna, masaj ve terapi odalar\u0131n\u0131n bulundu\u011fu tesisimiz sa\u011fl\u0131k alan\u0131nda da sizlere en kaliteli hizmeti vermektedir.                    <\/div>\n                                    <\/div>\n\n                            <\/div>\n            <\/div>\n    <\/div>\t\t<\/div>\n\t\t\t\t<\/div>\n\t\t\t\t\t<\/div>\n\t\t<\/div>\n\t\t\t\t\t<\/div>\n\t\t<\/section>\n\t\t\t\t<\/div>\n\t\t","protected":false},"excerpt":{"rendered":"<p>TUR\u0130ZM RU INVESTMENT TUR\u0130ZM, K\u0131r\u0131m\u2019\u0131n turizm potansiyelinin geli\u015ftirilmesi amac\u0131yla otel i\u015fletmecili\u011fi alan\u0131nda sahip oldu\u011fu tecr\u00fcbeyi ortaklar\u0131 ile beraber kullanmaktad\u0131r. B\u00fcnyemizde Convention Center yer alan otellerinde y\u00fcksek h\u0131zl\u0131 internet, otopark ve vale parking hizmetleri bulunmaktad\u0131r. Thermal Spa &amp; Wellness kapsam\u0131nda kapal\u0131\/a\u00e7\u0131k y\u00fczme havuzu, spor salonu, jakuzi, sauna, masaj ve terapi odalar\u0131n\u0131n bulundu\u011fu tesisimiz sa\u011fl\u0131k alan\u0131nda da &hellip;<\/p>\n<p class=\"read-more\"> <a class=\"\" href=\"https:\/\/ruinvestment.net\/?page_id=538\"> <span class=\"screen-reader-text\">TUR\u0130ZM<\/span> Devam\u0131 &raquo;<\/a><\/p>\n","protected":false},"author":1,"featured_media":0,"parent":0,"menu_order":0,"comment_status":"closed","ping_status":"closed","template":"","meta":{"site-sidebar-layout":"no-sidebar","site-content-layout":"page-builder","ast-global-header-display":"","ast-banner-title-visibility":"","ast-main-header-display":"","ast-hfb-above-header-display":"","ast-hfb-below-header-display":"","ast-hfb-mobile-header-display":"","site-post-title":"disabled","ast-breadcrumbs-content":"","ast-featured-img":"disabled","footer-sml-layout":"","theme-transparent-header-meta":"","adv-header-id-meta":"","stick-header-meta":"","header-above-stick-meta":"","header-main-stick-meta":"","header-below-stick-meta":"","footnotes":""},"class_list":["post-538","page","type-page","status-publish","hentry"],"_links":{"self":[{"href":"https:\/\/ruinvestment.net\/index.php?rest_route=\/wp\/v2\/pages\/538","targetHints":{"allow":["GET"]}}],"collection":[{"href":"https:\/\/ruinvestment.net\/index.php?rest_route=\/wp\/v2\/pages"}],"about":[{"href":"https:\/\/ruinvestment.net\/index.php?rest_route=\/wp\/v2\/types\/page"}],"author":[{"embeddable":true,"href":"https:\/\/ruinvestment.net\/index.php?rest_route=\/wp\/v2\/users\/1"}],"replies":[{"embeddable":true,"href":"https:\/\/ruinvestment.net\/index.php?rest_route=%2Fwp%2Fv2%2Fcomments&post=538"}],"version-history":[{"count":5,"href":"https:\/\/ruinvestment.net\/index.php?rest_route=\/wp\/v2\/pages\/538\/revisions"}],"predecessor-version":[{"id":546,"href":"https:\/\/ruinvestment.net\/index.php?rest_route=\/wp\/v2\/pages\/538\/revisions\/546"}],"wp:attachment":[{"href":"https:\/\/ruinvestment.net\/index.php?rest_route=%2Fwp%2Fv2%2Fmedia&parent=538"}],"curies":[{"name":"wp","href":"https:\/\/api.w.org\/{rel}","templated":true}]}}