{"id":529,"date":"2023-07-02T17:12:16","date_gmt":"2023-07-02T17:12:16","guid":{"rendered":"https:\/\/ruinvestment.net\/?page_id=529"},"modified":"2023-07-02T17:13:47","modified_gmt":"2023-07-02T17:13:47","slug":"elementor-529","status":"publish","type":"page","link":"https:\/\/ruinvestment.net\/?page_id=529","title":{"rendered":"YAZILIM VE BILISIM"},"content":{"rendered":"\t\t<div data-elementor-type=\"wp-page\" data-elementor-id=\"529\" class=\"elementor elementor-529\">\n\t\t\t\t\t\t<section class=\"elementor-section elementor-top-section elementor-element elementor-element-ba33fc9 elementor-section-boxed elementor-section-height-default elementor-section-height-default\" data-id=\"ba33fc9\" data-element_type=\"section\">\n\t\t\t\t\t\t<div class=\"elementor-container elementor-column-gap-default\">\n\t\t\t\t\t<div class=\"elementor-column elementor-col-100 elementor-top-column elementor-element elementor-element-f8f44ec\" data-id=\"f8f44ec\" data-element_type=\"column\">\n\t\t\t<div class=\"elementor-widget-wrap elementor-element-populated\">\n\t\t\t\t\t\t<div class=\"elementor-element elementor-element-f3c6265 ekit-equal-height-disable elementor-widget elementor-widget-elementskit-image-box\" data-id=\"f3c6265\" data-element_type=\"widget\" data-widget_type=\"elementskit-image-box.default\">\n\t\t\t\t<div class=\"elementor-widget-container\">\n\t\t\t<div class=\"ekit-wid-con\" >\n            <div class=\"elementskit-info-image-box ekit-image-box text-center simple-card\" >\n\n                \n                <div class=\"elementskit-box-header image-box-img-center\">\n\n                    <img fetchpriority=\"high\" decoding=\"async\" width=\"644\" height=\"386\" src=\"https:\/\/ruinvestment.net\/wp-content\/uploads\/2023\/07\/Screenshot-2023-07-02-201243.png\" class=\"attachment-full size-full wp-image-531\" alt=\"\" srcset=\"https:\/\/ruinvestment.net\/wp-content\/uploads\/2023\/07\/Screenshot-2023-07-02-201243.png 644w, https:\/\/ruinvestment.net\/wp-content\/uploads\/2023\/07\/Screenshot-2023-07-02-201243-300x180.png 300w\" sizes=\"(max-width: 644px) 100vw, 644px\" \/>\n                <\/div>\n                \n                <div class=\"elementskit-box-body ekit-image-box-body\">\n                    <div class=\"elementskit-box-content ekit-image-box-body-inner\">\n                                                <h3 class=\"elementskit-info-box-title\">\n\n                        YAZILIM VE B\u0130L\u0130\u015e\u0130M TEKNOJ\u0130LER\u0130  \n                        \n                    <\/h3>\n                                                            <div class=\"elementskit-box-style-content\">\n                        RU INVESTMENT TEKNOLOJ\u0130, veri taban\u0131 y\u00f6netimi, a\u011f ve a\u011f g\u00fcvenli\u011fi alanlar\u0131nda ortaklar\u0131yla beraber ileri d\u00fczey teknolojiye sahiptir. \u00d6zellikle teknopark ve teknoloji geli\u015fim b\u00f6lgelerinin kurulmas\u0131 ve i\u015fletilmesi noktas\u0131nda dan\u0131\u015fmanl\u0131k hizmeti de y\u00fcr\u00fctmektedir.\n                    <\/div>\n                                    <\/div>\n\n                            <\/div>\n            <\/div>\n    <\/div>\t\t<\/div>\n\t\t\t\t<\/div>\n\t\t\t\t\t<\/div>\n\t\t<\/div>\n\t\t\t\t\t<\/div>\n\t\t<\/section>\n\t\t\t\t<\/div>\n\t\t","protected":false},"excerpt":{"rendered":"<p>YAZILIM VE B\u0130L\u0130\u015e\u0130M TEKNOJ\u0130LER\u0130 RU INVESTMENT TEKNOLOJ\u0130, veri taban\u0131 y\u00f6netimi, a\u011f ve a\u011f g\u00fcvenli\u011fi alanlar\u0131nda ortaklar\u0131yla beraber ileri d\u00fczey teknolojiye sahiptir. \u00d6zellikle teknopark ve teknoloji geli\u015fim b\u00f6lgelerinin kurulmas\u0131 ve i\u015fletilmesi noktas\u0131nda dan\u0131\u015fmanl\u0131k hizmeti de y\u00fcr\u00fctmektedir.<\/p>\n","protected":false},"author":1,"featured_media":0,"parent":0,"menu_order":0,"comment_status":"closed","ping_status":"closed","template":"","meta":{"site-sidebar-layout":"no-sidebar","site-content-layout":"page-builder","ast-global-header-display":"","ast-banner-title-visibility":"","ast-main-header-display":"","ast-hfb-above-header-display":"","ast-hfb-below-header-display":"","ast-hfb-mobile-header-display":"","site-post-title":"disabled","ast-breadcrumbs-content":"","ast-featured-img":"disabled","footer-sml-layout":"","theme-transparent-header-meta":"","adv-header-id-meta":"","stick-header-meta":"","header-above-stick-meta":"","header-main-stick-meta":"","header-below-stick-meta":"","footnotes":""},"class_list":["post-529","page","type-page","status-publish","hentry"],"_links":{"self":[{"href":"https:\/\/ruinvestment.net\/index.php?rest_route=\/wp\/v2\/pages\/529","targetHints":{"allow":["GET"]}}],"collection":[{"href":"https:\/\/ruinvestment.net\/index.php?rest_route=\/wp\/v2\/pages"}],"about":[{"href":"https:\/\/ruinvestment.net\/index.php?rest_route=\/wp\/v2\/types\/page"}],"author":[{"embeddable":true,"href":"https:\/\/ruinvestment.net\/index.php?rest_route=\/wp\/v2\/users\/1"}],"replies":[{"embeddable":true,"href":"https:\/\/ruinvestment.net\/index.php?rest_route=%2Fwp%2Fv2%2Fcomments&post=529"}],"version-history":[{"count":5,"href":"https:\/\/ruinvestment.net\/index.php?rest_route=\/wp\/v2\/pages\/529\/revisions"}],"predecessor-version":[{"id":535,"href":"https:\/\/ruinvestment.net\/index.php?rest_route=\/wp\/v2\/pages\/529\/revisions\/535"}],"wp:attachment":[{"href":"https:\/\/ruinvestment.net\/index.php?rest_route=%2Fwp%2Fv2%2Fmedia&parent=529"}],"curies":[{"name":"wp","href":"https:\/\/api.w.org\/{rel}","templated":true}]}}