{"id":504,"date":"2023-07-02T16:53:27","date_gmt":"2023-07-02T16:53:27","guid":{"rendered":"https:\/\/ruinvestment.net\/?page_id=504"},"modified":"2023-07-02T16:56:15","modified_gmt":"2023-07-02T16:56:15","slug":"elementor-504","status":"publish","type":"page","link":"https:\/\/ruinvestment.net\/?page_id=504","title":{"rendered":"ENERJI VE MADENCILIK"},"content":{"rendered":"\t\t<div data-elementor-type=\"wp-page\" data-elementor-id=\"504\" class=\"elementor elementor-504\">\n\t\t\t\t\t\t<section class=\"elementor-section elementor-top-section elementor-element elementor-element-b3d176d elementor-section-boxed elementor-section-height-default elementor-section-height-default\" data-id=\"b3d176d\" data-element_type=\"section\">\n\t\t\t\t\t\t<div class=\"elementor-container elementor-column-gap-default\">\n\t\t\t\t\t<div class=\"elementor-column elementor-col-100 elementor-top-column elementor-element elementor-element-d174619\" data-id=\"d174619\" data-element_type=\"column\">\n\t\t\t<div class=\"elementor-widget-wrap elementor-element-populated\">\n\t\t\t\t\t\t<div class=\"elementor-element elementor-element-4f6d9b8 ekit-equal-height-disable elementor-widget elementor-widget-elementskit-image-box\" data-id=\"4f6d9b8\" data-element_type=\"widget\" data-widget_type=\"elementskit-image-box.default\">\n\t\t\t\t<div class=\"elementor-widget-container\">\n\t\t\t<div class=\"ekit-wid-con\" >\n            <div class=\"elementskit-info-image-box ekit-image-box text-center simple-card\" >\n\n                \n                <div class=\"elementskit-box-header image-box-img-center\">\n\n                    <img fetchpriority=\"high\" decoding=\"async\" width=\"648\" height=\"429\" src=\"https:\/\/ruinvestment.net\/wp-content\/uploads\/2023\/07\/Screenshot-2023-07-02-195311.png\" class=\"attachment-full size-full wp-image-506\" alt=\"\" srcset=\"https:\/\/ruinvestment.net\/wp-content\/uploads\/2023\/07\/Screenshot-2023-07-02-195311.png 648w, https:\/\/ruinvestment.net\/wp-content\/uploads\/2023\/07\/Screenshot-2023-07-02-195311-300x199.png 300w\" sizes=\"(max-width: 648px) 100vw, 648px\" \/>\n                <\/div>\n                \n                <div class=\"elementskit-box-body ekit-image-box-body\">\n                    <div class=\"elementskit-box-content ekit-image-box-body-inner\">\n                                                <h3 class=\"elementskit-info-box-title\">\n\n                        ENERJ\u0130 VE MADENC\u0130L\u0130K \n                        \n                    <\/h3>\n                                                            <div class=\"elementskit-box-style-content\">\n                        RU INVESTMENT MADENC\u0130L\u0130K, maden cevherlerinin ara\u015ft\u0131r\u0131lmas\u0131, \u00e7\u0131kar\u0131lmas\u0131 ve i\u015flenmesi alan\u0131nda uluslaras\u0131 tecr\u00fcbelerini ortaklar\u0131 ile kullanmaktad\u0131r.                     <\/div>\n                                    <\/div>\n\n                            <\/div>\n            <\/div>\n    <\/div>\t\t<\/div>\n\t\t\t\t<\/div>\n\t\t\t\t\t<\/div>\n\t\t<\/div>\n\t\t\t\t\t<\/div>\n\t\t<\/section>\n\t\t\t\t<section class=\"elementor-section elementor-top-section elementor-element elementor-element-8750b61 elementor-section-boxed elementor-section-height-default elementor-section-height-default\" data-id=\"8750b61\" data-element_type=\"section\">\n\t\t\t\t\t\t<div class=\"elementor-container elementor-column-gap-default\">\n\t\t\t\t\t<div class=\"elementor-column elementor-col-100 elementor-top-column elementor-element elementor-element-0b4012a\" data-id=\"0b4012a\" data-element_type=\"column\">\n\t\t\t<div class=\"elementor-widget-wrap elementor-element-populated\">\n\t\t\t\t\t\t<div class=\"elementor-element elementor-element-f78c892 ekit-equal-height-disable elementor-widget elementor-widget-elementskit-image-box\" data-id=\"f78c892\" data-element_type=\"widget\" data-widget_type=\"elementskit-image-box.default\">\n\t\t\t\t<div class=\"elementor-widget-container\">\n\t\t\t<div class=\"ekit-wid-con\" >\n            <div class=\"elementskit-info-image-box ekit-image-box text-center simple-card\" >\n\n                \n                <div class=\"elementskit-box-header image-box-img-center\">\n\n                    <img decoding=\"async\" width=\"646\" height=\"429\" src=\"https:\/\/ruinvestment.net\/wp-content\/uploads\/2023\/07\/Screenshot-2023-07-02-195442.png\" class=\"attachment-full size-full wp-image-507\" alt=\"\" srcset=\"https:\/\/ruinvestment.net\/wp-content\/uploads\/2023\/07\/Screenshot-2023-07-02-195442.png 646w, https:\/\/ruinvestment.net\/wp-content\/uploads\/2023\/07\/Screenshot-2023-07-02-195442-300x199.png 300w\" sizes=\"(max-width: 646px) 100vw, 646px\" \/>\n                <\/div>\n                \n                <div class=\"elementskit-box-body ekit-image-box-body\">\n                    <div class=\"elementskit-box-content ekit-image-box-body-inner\">\n                                                <h3 class=\"elementskit-info-box-title\">\n\n                        ENERJ\u0130 VE MADENC\u0130L\u0130K \n                        \n                    <\/h3>\n                                                            <div class=\"elementskit-box-style-content\">\n                        RU INVESTMENT ENERJ\u0130, Rusya Federasyonun sahip oldu\u011fu petrol, do\u011falgaz ve t\u00fcrevlerini ba\u015fta T\u00fcrkiye piyasas\u0131 olmak \u00fczere global pazarlara s\u00fcrekli ve g\u00fcvenli \u015fekilde arz\u0131n\u0131 ama\u00e7lamaktad\u0131r.                     <\/div>\n                                    <\/div>\n\n                            <\/div>\n            <\/div>\n    <\/div>\t\t<\/div>\n\t\t\t\t<\/div>\n\t\t\t\t\t<\/div>\n\t\t<\/div>\n\t\t\t\t\t<\/div>\n\t\t<\/section>\n\t\t\t\t<\/div>\n\t\t","protected":false},"excerpt":{"rendered":"<p>ENERJ\u0130 VE MADENC\u0130L\u0130K RU INVESTMENT MADENC\u0130L\u0130K, maden cevherlerinin ara\u015ft\u0131r\u0131lmas\u0131, \u00e7\u0131kar\u0131lmas\u0131 ve i\u015flenmesi alan\u0131nda uluslaras\u0131 tecr\u00fcbelerini ortaklar\u0131 ile kullanmaktad\u0131r. ENERJ\u0130 VE MADENC\u0130L\u0130K RU INVESTMENT ENERJ\u0130, Rusya Federasyonun sahip oldu\u011fu petrol, do\u011falgaz ve t\u00fcrevlerini ba\u015fta T\u00fcrkiye piyasas\u0131 olmak \u00fczere global pazarlara s\u00fcrekli ve g\u00fcvenli \u015fekilde arz\u0131n\u0131 ama\u00e7lamaktad\u0131r.<\/p>\n","protected":false},"author":1,"featured_media":0,"parent":0,"menu_order":0,"comment_status":"closed","ping_status":"closed","template":"","meta":{"site-sidebar-layout":"no-sidebar","site-content-layout":"page-builder","ast-global-header-display":"","ast-banner-title-visibility":"","ast-main-header-display":"","ast-hfb-above-header-display":"","ast-hfb-below-header-display":"","ast-hfb-mobile-header-display":"","site-post-title":"disabled","ast-breadcrumbs-content":"","ast-featured-img":"disabled","footer-sml-layout":"","theme-transparent-header-meta":"","adv-header-id-meta":"","stick-header-meta":"","header-above-stick-meta":"","header-main-stick-meta":"","header-below-stick-meta":"","footnotes":""},"class_list":["post-504","page","type-page","status-publish","hentry"],"_links":{"self":[{"href":"https:\/\/ruinvestment.net\/index.php?rest_route=\/wp\/v2\/pages\/504","targetHints":{"allow":["GET"]}}],"collection":[{"href":"https:\/\/ruinvestment.net\/index.php?rest_route=\/wp\/v2\/pages"}],"about":[{"href":"https:\/\/ruinvestment.net\/index.php?rest_route=\/wp\/v2\/types\/page"}],"author":[{"embeddable":true,"href":"https:\/\/ruinvestment.net\/index.php?rest_route=\/wp\/v2\/users\/1"}],"replies":[{"embeddable":true,"href":"https:\/\/ruinvestment.net\/index.php?rest_route=%2Fwp%2Fv2%2Fcomments&post=504"}],"version-history":[{"count":5,"href":"https:\/\/ruinvestment.net\/index.php?rest_route=\/wp\/v2\/pages\/504\/revisions"}],"predecessor-version":[{"id":511,"href":"https:\/\/ruinvestment.net\/index.php?rest_route=\/wp\/v2\/pages\/504\/revisions\/511"}],"wp:attachment":[{"href":"https:\/\/ruinvestment.net\/index.php?rest_route=%2Fwp%2Fv2%2Fmedia&parent=504"}],"curies":[{"name":"wp","href":"https:\/\/api.w.org\/{rel}","templated":true}]}}