{"id":495,"date":"2023-07-02T16:50:01","date_gmt":"2023-07-02T16:50:01","guid":{"rendered":"https:\/\/ruinvestment.net\/?page_id=495"},"modified":"2023-07-02T16:52:39","modified_gmt":"2023-07-02T16:52:39","slug":"elementor-495","status":"publish","type":"page","link":"https:\/\/ruinvestment.net\/?page_id=495","title":{"rendered":"LOJISTIK VE LIMAN"},"content":{"rendered":"\t\t<div data-elementor-type=\"wp-page\" data-elementor-id=\"495\" class=\"elementor elementor-495\">\n\t\t\t\t\t\t<section class=\"elementor-section elementor-top-section elementor-element elementor-element-f6f2a3a elementor-section-boxed elementor-section-height-default elementor-section-height-default\" data-id=\"f6f2a3a\" data-element_type=\"section\">\n\t\t\t\t\t\t<div class=\"elementor-container elementor-column-gap-default\">\n\t\t\t\t\t<div class=\"elementor-column elementor-col-100 elementor-top-column elementor-element elementor-element-a498ced\" data-id=\"a498ced\" data-element_type=\"column\">\n\t\t\t<div class=\"elementor-widget-wrap elementor-element-populated\">\n\t\t\t\t\t\t<div class=\"elementor-element elementor-element-c07a907 ekit-equal-height-disable elementor-widget elementor-widget-elementskit-image-box\" data-id=\"c07a907\" data-element_type=\"widget\" data-widget_type=\"elementskit-image-box.default\">\n\t\t\t\t<div class=\"elementor-widget-container\">\n\t\t\t<div class=\"ekit-wid-con\" >\n            <div class=\"elementskit-info-image-box ekit-image-box text-center simple-card\" >\n\n                \n                <div class=\"elementskit-box-header image-box-img-center\">\n\n                    <img fetchpriority=\"high\" decoding=\"async\" width=\"648\" height=\"389\" src=\"https:\/\/ruinvestment.net\/wp-content\/uploads\/2023\/07\/Screenshot-2023-07-02-195032.png\" class=\"attachment-full size-full wp-image-497\" alt=\"\" srcset=\"https:\/\/ruinvestment.net\/wp-content\/uploads\/2023\/07\/Screenshot-2023-07-02-195032.png 648w, https:\/\/ruinvestment.net\/wp-content\/uploads\/2023\/07\/Screenshot-2023-07-02-195032-300x180.png 300w\" sizes=\"(max-width: 648px) 100vw, 648px\" \/>\n                <\/div>\n                \n                <div class=\"elementskit-box-body ekit-image-box-body\">\n                    <div class=\"elementskit-box-content ekit-image-box-body-inner\">\n                                                <h3 class=\"elementskit-info-box-title\">\n\n                        LOJ\u0130ST\u0130K VE L\u0130MAN \u0130\u015eLETMEC\u0130L\u0130\u011e\u0130\n                        \n                    <\/h3>\n                                                            <div class=\"elementskit-box-style-content\">\n                        RU INVESTMENT LOJ\u0130ST\u0130K, havayolu, karayolu ve denizyolu ta\u015f\u0131mac\u0131l\u0131\u011f\u0131nda ortaklar\u0131 ile beraber g\u00fc\u00e7l\u00fc bir tecr\u00fcbeye sahip k\u00fcresel \u015firkettir. \u015eirketimiz ba\u015fta K\u0131r\u0131m Limanlar\u0131n\u0131n global emtia ticaretinde\u00a0s\u00f6z sahibi olmas\u0131 amac\u0131n\u0131 g\u00fctmektedir ve bu kapsamda t\u00fcm d\u00fcnya \u00fclkelerine\u00a0RU INVESTMENT \u201cUluslaras\u0131 ticarette \u00f6nc\u00fc \u015firket\u201d anlay\u0131\u015f\u0131yla hizmet\u00a0vermektedir. \nRU INVESTMENT LOJ\u0130ST\u0130K, m\u00fc\u015fteri memnuniyetini oda\u011f\u0131na alarak bir\u00e7ok firma ile \u00e7al\u0131\u015fmaktad\u0131r. Ru Investment, tecr\u00fcbe ve birikimi ile kurulan ve yoluna emin ad\u0131mlarla devam eden lojistik firmam\u0131z, T\u00fcrkiye\u2019nin d\u00f6rt bir yan\u0131nda hizmet vermekte ve \u00fclkemiz ekonomisine b\u00fcy\u00fck katk\u0131larda bulunmaktad\u0131r. RU INVESTMENT lojistik, m\u00fc\u015fteri sahalar\u0131nda ilgili kapasite kullan\u0131m\u00a0planlamas\u0131 ve lojistik planlamas\u0131n\u0131 \u00fcstlenir ve filo kullan\u0131m\u0131n\u0131\u00a0optimize eder.\n                    <\/div>\n                                    <\/div>\n\n                            <\/div>\n            <\/div>\n    <\/div>\t\t<\/div>\n\t\t\t\t<\/div>\n\t\t\t\t\t<\/div>\n\t\t<\/div>\n\t\t\t\t\t<\/div>\n\t\t<\/section>\n\t\t\t\t<\/div>\n\t\t","protected":false},"excerpt":{"rendered":"<p>LOJ\u0130ST\u0130K VE L\u0130MAN \u0130\u015eLETMEC\u0130L\u0130\u011e\u0130 RU INVESTMENT LOJ\u0130ST\u0130K, havayolu, karayolu ve denizyolu ta\u015f\u0131mac\u0131l\u0131\u011f\u0131nda ortaklar\u0131 ile beraber g\u00fc\u00e7l\u00fc bir tecr\u00fcbeye sahip k\u00fcresel \u015firkettir. \u015eirketimiz ba\u015fta K\u0131r\u0131m Limanlar\u0131n\u0131n global emtia ticaretinde\u00a0s\u00f6z sahibi olmas\u0131 amac\u0131n\u0131 g\u00fctmektedir ve bu kapsamda t\u00fcm d\u00fcnya \u00fclkelerine\u00a0RU INVESTMENT \u201cUluslaras\u0131 ticarette \u00f6nc\u00fc \u015firket\u201d anlay\u0131\u015f\u0131yla hizmet\u00a0vermektedir. RU INVESTMENT LOJ\u0130ST\u0130K, m\u00fc\u015fteri memnuniyetini oda\u011f\u0131na alarak bir\u00e7ok firma ile &hellip;<\/p>\n<p class=\"read-more\"> <a class=\"\" href=\"https:\/\/ruinvestment.net\/?page_id=495\"> <span class=\"screen-reader-text\">LOJISTIK VE LIMAN<\/span> Devam\u0131 &raquo;<\/a><\/p>\n","protected":false},"author":1,"featured_media":0,"parent":0,"menu_order":0,"comment_status":"closed","ping_status":"closed","template":"","meta":{"site-sidebar-layout":"no-sidebar","site-content-layout":"page-builder","ast-global-header-display":"","ast-banner-title-visibility":"","ast-main-header-display":"","ast-hfb-above-header-display":"","ast-hfb-below-header-display":"","ast-hfb-mobile-header-display":"","site-post-title":"disabled","ast-breadcrumbs-content":"","ast-featured-img":"disabled","footer-sml-layout":"","theme-transparent-header-meta":"","adv-header-id-meta":"","stick-header-meta":"","header-above-stick-meta":"","header-main-stick-meta":"","header-below-stick-meta":"","footnotes":""},"class_list":["post-495","page","type-page","status-publish","hentry"],"_links":{"self":[{"href":"https:\/\/ruinvestment.net\/index.php?rest_route=\/wp\/v2\/pages\/495","targetHints":{"allow":["GET"]}}],"collection":[{"href":"https:\/\/ruinvestment.net\/index.php?rest_route=\/wp\/v2\/pages"}],"about":[{"href":"https:\/\/ruinvestment.net\/index.php?rest_route=\/wp\/v2\/types\/page"}],"author":[{"embeddable":true,"href":"https:\/\/ruinvestment.net\/index.php?rest_route=\/wp\/v2\/users\/1"}],"replies":[{"embeddable":true,"href":"https:\/\/ruinvestment.net\/index.php?rest_route=%2Fwp%2Fv2%2Fcomments&post=495"}],"version-history":[{"count":5,"href":"https:\/\/ruinvestment.net\/index.php?rest_route=\/wp\/v2\/pages\/495\/revisions"}],"predecessor-version":[{"id":503,"href":"https:\/\/ruinvestment.net\/index.php?rest_route=\/wp\/v2\/pages\/495\/revisions\/503"}],"wp:attachment":[{"href":"https:\/\/ruinvestment.net\/index.php?rest_route=%2Fwp%2Fv2%2Fmedia&parent=495"}],"curies":[{"name":"wp","href":"https:\/\/api.w.org\/{rel}","templated":true}]}}